{"id":8482,"date":"2023-05-26T11:31:17","date_gmt":"2023-05-26T08:31:17","guid":{"rendered":"https:\/\/saltcon.eu\/?post_type=product&#038;p=8482"},"modified":"2024-04-08T14:41:31","modified_gmt":"2024-04-08T11:41:31","slug":"interplast-%ce%b5%ce%be%ce%b1%cf%81%cf%84%ce%ae%ce%bc%ce%b1%cf%84%ce%b1-%ce%b1%cf%80%ce%bf%cf%87%ce%ad%cf%84%ce%b5%cf%85%cf%83%ce%b7%cf%82-atlas-plus-en1451-b-%ce%b7%ce%bc%ce%b9%cf%84%ce%ac%cf%86-2","status":"publish","type":"product","link":"https:\/\/saltcon.eu\/en\/product\/interplast-%ce%b5%ce%be%ce%b1%cf%81%cf%84%ce%ae%ce%bc%ce%b1%cf%84%ce%b1-%ce%b1%cf%80%ce%bf%cf%87%ce%ad%cf%84%ce%b5%cf%85%cf%83%ce%b7%cf%82-atlas-plus-en1451-b-%ce%b7%ce%bc%ce%b9%cf%84%ce%ac%cf%86-2\/","title":{"rendered":"\u0397\u03bc\u03b9\u03c4\u03ac\u03c6 \u03a3\u03c5\u03c3\u03c4\u03bf\u03bb\u03b9\u03ba\u03cc 67\u00b0-30&#8242; \u0395\u03be\u03b1\u03c1\u03c4\u03ae\u03bc\u03b1\u03c4\u03b1 \u0391\u03c0\u03bf\u03c7\u03ad\u03c4\u03b5\u03c5\u03c3\u03b7\u03c2 Atlas-Plus EN1451-B"},"content":{"rendered":"<p>\u03a4\u03b1 \u03b5\u03be\u03b1\u03c1\u03c4\u03ae\u03bc\u03b1\u03c4\u03b1 <strong>ATLAS-PLUS<\/strong> \u03c0\u03b5\u03c1\u03b9\u03bb\u03b1\u03bc\u03b2\u03ac\u03bd\u03bf\u03c5\u03bd \u03bc\u03b9\u03b1 \u03b5\u03c5\u03c1\u03b5\u03af\u03b1 \u03b3\u03ba\u03ac\u03bc\u03b1 \u03ba\u03b1\u03bc\u03c0\u03c5\u03bb\u03ce\u03bd (15<sup>o<\/sup>, 30<sup>o<\/sup>, 45<sup>o<\/sup>, 67<sup>o<\/sup>, 80<sup>o<\/sup>, 87<sup>o<\/sup>), \u03b1\u03c0\u03bb\u03ce\u03bd \u03b7\u03bc\u03b9\u03c4\u03ac\u03c6 (45<sup>o<\/sup>, 67<sup>o<\/sup>-30\u2019, 87<sup>o<\/sup>-30\u2019), \u03c3\u03c5\u03c3\u03c4\u03bf\u03bb\u03b9\u03ba\u03ce\u03bd \u03b7\u03bc\u03b9\u03c4\u03ac\u03c6 (45<sup>o<\/sup>, 67<sup>o<\/sup>-30\u2019, 87<sup>o<\/sup>-30\u2019), \u03b4\u03b9\u03b1\u03c4\u03ac\u03be\u03b5\u03b9\u03c2 \u03a8 (67<sup>o<\/sup>-30\u2019), \u03c3\u03c5\u03c3\u03c4\u03bf\u03bb\u03b9\u03ba\u03ac \u03a8 (67<sup>o<\/sup>-30\u2019), \u03b5\u03be\u03b1\u03c1\u03c4\u03ae\u03bc\u03b1\u03c4\u03b1 \u03b5\u03bb\u03ad\u03b3\u03c7\u03bf\u03c5 \u03c1\u03bf\u03ae\u03c2, \u03b1\u03c0\u03bb\u03ad\u03c2 \u03bc\u03bf\u03cd\u03c6\u03b5\u03c2, \u03bc\u03bf\u03cd\u03c6\u03b5\u03c2 \u03bc\u03b5 \u03c4\u03b5\u03c1\u03bc\u03b1\u03c4\u03b9\u03ba\u03cc, \u03c3\u03c5\u03c3\u03c4\u03bf\u03bb\u03ad\u03c2, \u03ad\u03ba\u03ba\u03b5\u03bd\u03c4\u03c1\u03b5\u03c2 \u03c3\u03c5\u03c3\u03c4\u03bf\u03bb\u03ad\u03c2, \u03b3\u03c9\u03bd\u03b9\u03b1\u03ba\u03ac \u03c1\u03b1\u03ba\u03cc\u03c1 \u03bc\u03c0\u03b1\u03bd\u03b9\u03ad\u03c1\u03b1\u03c2 \u03bc\u03b5 \u03bf\u03c1\u03b5\u03b9\u03c7\u03ac\u03bb\u03ba\u03b9\u03bd\u03bf \u03c0\u03b1\u03be\u03b9\u03bc\u03ac\u03b4\u03b9, \u03c4\u03ac\u03c0\u03b5\u03c2 \u03c3\u03b5 \u03b4\u03b9\u03b1\u03c3\u03c4\u03ac\u03c3\u03b5\u03b9\u03c2 \u00d840, \u00d850, \u00d875, \u00d8100, \u00d8110, \u00d8125.<\/p>\n<table style=\"width: 361px;height: 203px\">\n<tbody>\n<tr>\n<th style=\"text-align: center\">\u039c\u03ad\u03b3\u03b5\u03b8\u03bf\u03c2<\/th>\n<th style=\"text-align: center\">\u03a3\u03c5\u03c3\u03ba\u03b5\u03c5\u03b1\u03c3\u03af\u03b1<\/th>\n<\/tr>\n<tr>\n<td style=\"text-align: center\">\u03a650 \/ \u03a640<\/td>\n<td style=\"text-align: center\">20<\/td>\n<\/tr>\n<tr>\n<td style=\"text-align: center\">\u03a675 \/ \u03a640<\/td>\n<td style=\"text-align: center\">20<\/td>\n<\/tr>\n<tr>\n<td style=\"text-align: center\">\u03a675 \/ \u03a650<\/td>\n<td style=\"text-align: center\">20<\/td>\n<\/tr>\n<tr>\n<td style=\"text-align: center\">\u03a6100 \/ \u03a650<\/td>\n<td style=\"text-align: center\">20<\/td>\n<\/tr>\n<tr>\n<td style=\"text-align: center\">\u03a6100 \/ \u03a675<\/td>\n<td style=\"text-align: center\">20<\/td>\n<\/tr>\n<tr>\n<td style=\"text-align: center\">\u03a6110 \/ \u03a650<\/td>\n<td style=\"text-align: center\">20<\/td>\n<\/tr>\n<tr>\n<td style=\"text-align: center\">\u03a6110 \/ \u03a675<\/td>\n<td style=\"text-align: center\">20<\/td>\n<\/tr>\n<tr>\n<td style=\"text-align: center\">\u03a6125 \/ \u03a6110<\/td>\n<td style=\"text-align: center\">10<\/td>\n<\/tr>\n<\/tbody>\n<\/table>","protected":false},"excerpt":{"rendered":"<p>\u03a4\u03b1 \u03b5\u03be\u03b1\u03c1\u03c4\u03ae\u03bc\u03b1\u03c4\u03b1 <strong>ATLAS-PLUS<\/strong> \u03c0\u03b5\u03c1\u03b9\u03bb\u03b1\u03bc\u03b2\u03ac\u03bd\u03bf\u03c5\u03bd \u03bc\u03b9\u03b1 \u03b5\u03c5\u03c1\u03b5\u03af\u03b1 \u03b3\u03ba\u03ac\u03bc\u03b1 \u03c3\u03c5\u03c3\u03c4\u03bf\u03bb\u03b9\u03ba\u03ce\u03bd \u03b7\u03bc\u03b9\u03c4\u03ac\u03c6 (45<sup>o<\/sup>, 67<sup>o<\/sup>-30\u2019).<\/p>","protected":false},"featured_media":8483,"comment_status":"open","ping_status":"closed","template":"","meta":[],"yoast_head":"<!-- This site is optimized with the Yoast SEO plugin v15.9.2 - https:\/\/yoast.com\/wordpress\/plugins\/seo\/ -->\n<title>\u0397\u03bc\u03b9\u03c4\u03ac\u03c6 \u03a3\u03c5\u03c3\u03c4\u03bf\u03bb\u03b9\u03ba\u03cc 67\u00b0-30&#039; \u0395\u03be\u03b1\u03c1\u03c4\u03ae\u03bc\u03b1\u03c4\u03b1 \u0391\u03c0\u03bf\u03c7\u03ad\u03c4\u03b5\u03c5\u03c3\u03b7\u03c2 Atlas-Plus EN1451-B - Saltcon<\/title>\n<meta name=\"robots\" content=\"index, follow, max-snippet:-1, max-image-preview:large, max-video-preview:-1\" \/>\n<link rel=\"canonical\" href=\"https:\/\/saltcon.eu\/en\/product\/interplast-\u03b5\u03be\u03b1\u03c1\u03c4\u03ae\u03bc\u03b1\u03c4\u03b1-\u03b1\u03c0\u03bf\u03c7\u03ad\u03c4\u03b5\u03c5\u03c3\u03b7\u03c2-atlas-plus-en1451-b-\u03b7\u03bc\u03b9\u03c4\u03ac\u03c6-2\/\" \/>\n<meta property=\"og:locale\" content=\"en_US\" \/>\n<meta property=\"og:type\" content=\"article\" \/>\n<meta property=\"og:title\" content=\"\u0397\u03bc\u03b9\u03c4\u03ac\u03c6 \u03a3\u03c5\u03c3\u03c4\u03bf\u03bb\u03b9\u03ba\u03cc 67\u00b0-30&#039; \u0395\u03be\u03b1\u03c1\u03c4\u03ae\u03bc\u03b1\u03c4\u03b1 \u0391\u03c0\u03bf\u03c7\u03ad\u03c4\u03b5\u03c5\u03c3\u03b7\u03c2 Atlas-Plus EN1451-B - Saltcon\" \/>\n<meta property=\"og:description\" content=\"\u03a4\u03b1 \u03b5\u03be\u03b1\u03c1\u03c4\u03ae\u03bc\u03b1\u03c4\u03b1 ATLAS-PLUS \u03c0\u03b5\u03c1\u03b9\u03bb\u03b1\u03bc\u03b2\u03ac\u03bd\u03bf\u03c5\u03bd \u03bc\u03b9\u03b1 \u03b5\u03c5\u03c1\u03b5\u03af\u03b1 \u03b3\u03ba\u03ac\u03bc\u03b1 \u03c3\u03c5\u03c3\u03c4\u03bf\u03bb\u03b9\u03ba\u03ce\u03bd \u03b7\u03bc\u03b9\u03c4\u03ac\u03c6 (45o, 67o-30\u2019).\" \/>\n<meta property=\"og:url\" content=\"https:\/\/saltcon.eu\/en\/product\/interplast-\u03b5\u03be\u03b1\u03c1\u03c4\u03ae\u03bc\u03b1\u03c4\u03b1-\u03b1\u03c0\u03bf\u03c7\u03ad\u03c4\u03b5\u03c5\u03c3\u03b7\u03c2-atlas-plus-en1451-b-\u03b7\u03bc\u03b9\u03c4\u03ac\u03c6-2\/\" \/>\n<meta property=\"og:site_name\" content=\"Saltcon\" \/>\n<meta property=\"article:modified_time\" content=\"2024-04-08T11:41:31+00:00\" \/>\n<meta property=\"og:image\" content=\"https:\/\/saltcon.eu\/wp-content\/uploads\/2023\/05\/160a.jpg\" \/>\n\t<meta property=\"og:image:width\" content=\"800\" \/>\n\t<meta property=\"og:image:height\" content=\"800\" \/>\n<meta name=\"twitter:card\" content=\"summary_large_image\" \/>\n<meta name=\"twitter:label1\" content=\"Est. reading time\">\n\t<meta name=\"twitter:data1\" content=\"1 minute\">\n<script type=\"application\/ld+json\" class=\"yoast-schema-graph\">{\"@context\":\"https:\/\/schema.org\",\"@graph\":[{\"@type\":\"Organization\",\"@id\":\"https:\/\/saltcon.eu\/#organization\",\"name\":\"SaltCon\",\"url\":\"https:\/\/saltcon.eu\/\",\"sameAs\":[],\"logo\":{\"@type\":\"ImageObject\",\"@id\":\"https:\/\/saltcon.eu\/#logo\",\"inLanguage\":\"en-US\",\"url\":\"https:\/\/saltcon.eu\/wp-content\/uploads\/2023\/06\/saltcon-logo-big.png\",\"width\":450,\"height\":300,\"caption\":\"SaltCon\"},\"image\":{\"@id\":\"https:\/\/saltcon.eu\/#logo\"}},{\"@type\":\"WebSite\",\"@id\":\"https:\/\/saltcon.eu\/#website\",\"url\":\"https:\/\/saltcon.eu\/\",\"name\":\"Saltcon\",\"description\":\"\\u0398\\u0395\\u03a1\\u039c\\u0391\\u039d\\u03a3\\u0397 \\u03a8\\u03a5\\u039e\\u0397 \\u039a\\u039b\\u0399\\u039c\\u0391\\u03a4\\u0399\\u03a3\\u039c\\u039f\\u03a3\",\"publisher\":{\"@id\":\"https:\/\/saltcon.eu\/#organization\"},\"potentialAction\":[{\"@type\":\"SearchAction\",\"target\":\"https:\/\/saltcon.eu\/?s={search_term_string}\",\"query-input\":\"required name=search_term_string\"}],\"inLanguage\":\"en-US\"},{\"@type\":\"ImageObject\",\"@id\":\"https:\/\/saltcon.eu\/product\/interplast-%ce%b5%ce%be%ce%b1%cf%81%cf%84%ce%ae%ce%bc%ce%b1%cf%84%ce%b1-%ce%b1%cf%80%ce%bf%cf%87%ce%ad%cf%84%ce%b5%cf%85%cf%83%ce%b7%cf%82-atlas-plus-en1451-b-%ce%b7%ce%bc%ce%b9%cf%84%ce%ac%cf%86-2\/#primaryimage\",\"inLanguage\":\"en-US\",\"url\":\"https:\/\/saltcon.eu\/wp-content\/uploads\/2023\/05\/160a.jpg\",\"width\":800,\"height\":800},{\"@type\":[\"WebPage\",\"ItemPage\"],\"@id\":\"https:\/\/saltcon.eu\/product\/interplast-%ce%b5%ce%be%ce%b1%cf%81%cf%84%ce%ae%ce%bc%ce%b1%cf%84%ce%b1-%ce%b1%cf%80%ce%bf%cf%87%ce%ad%cf%84%ce%b5%cf%85%cf%83%ce%b7%cf%82-atlas-plus-en1451-b-%ce%b7%ce%bc%ce%b9%cf%84%ce%ac%cf%86-2\/#webpage\",\"url\":\"https:\/\/saltcon.eu\/product\/interplast-%ce%b5%ce%be%ce%b1%cf%81%cf%84%ce%ae%ce%bc%ce%b1%cf%84%ce%b1-%ce%b1%cf%80%ce%bf%cf%87%ce%ad%cf%84%ce%b5%cf%85%cf%83%ce%b7%cf%82-atlas-plus-en1451-b-%ce%b7%ce%bc%ce%b9%cf%84%ce%ac%cf%86-2\/\",\"name\":\"\\u0397\\u03bc\\u03b9\\u03c4\\u03ac\\u03c6 \\u03a3\\u03c5\\u03c3\\u03c4\\u03bf\\u03bb\\u03b9\\u03ba\\u03cc 67\\u00b0-30' \\u0395\\u03be\\u03b1\\u03c1\\u03c4\\u03ae\\u03bc\\u03b1\\u03c4\\u03b1 \\u0391\\u03c0\\u03bf\\u03c7\\u03ad\\u03c4\\u03b5\\u03c5\\u03c3\\u03b7\\u03c2 Atlas-Plus EN1451-B - Saltcon\",\"isPartOf\":{\"@id\":\"https:\/\/saltcon.eu\/#website\"},\"primaryImageOfPage\":{\"@id\":\"https:\/\/saltcon.eu\/product\/interplast-%ce%b5%ce%be%ce%b1%cf%81%cf%84%ce%ae%ce%bc%ce%b1%cf%84%ce%b1-%ce%b1%cf%80%ce%bf%cf%87%ce%ad%cf%84%ce%b5%cf%85%cf%83%ce%b7%cf%82-atlas-plus-en1451-b-%ce%b7%ce%bc%ce%b9%cf%84%ce%ac%cf%86-2\/#primaryimage\"},\"datePublished\":\"2023-05-26T08:31:17+00:00\",\"dateModified\":\"2024-04-08T11:41:31+00:00\",\"breadcrumb\":{\"@id\":\"https:\/\/saltcon.eu\/product\/interplast-%ce%b5%ce%be%ce%b1%cf%81%cf%84%ce%ae%ce%bc%ce%b1%cf%84%ce%b1-%ce%b1%cf%80%ce%bf%cf%87%ce%ad%cf%84%ce%b5%cf%85%cf%83%ce%b7%cf%82-atlas-plus-en1451-b-%ce%b7%ce%bc%ce%b9%cf%84%ce%ac%cf%86-2\/#breadcrumb\"},\"inLanguage\":\"en-US\",\"potentialAction\":[{\"@type\":\"ReadAction\",\"target\":[\"https:\/\/saltcon.eu\/product\/interplast-%ce%b5%ce%be%ce%b1%cf%81%cf%84%ce%ae%ce%bc%ce%b1%cf%84%ce%b1-%ce%b1%cf%80%ce%bf%cf%87%ce%ad%cf%84%ce%b5%cf%85%cf%83%ce%b7%cf%82-atlas-plus-en1451-b-%ce%b7%ce%bc%ce%b9%cf%84%ce%ac%cf%86-2\/\"]}]},{\"@type\":\"BreadcrumbList\",\"@id\":\"https:\/\/saltcon.eu\/product\/interplast-%ce%b5%ce%be%ce%b1%cf%81%cf%84%ce%ae%ce%bc%ce%b1%cf%84%ce%b1-%ce%b1%cf%80%ce%bf%cf%87%ce%ad%cf%84%ce%b5%cf%85%cf%83%ce%b7%cf%82-atlas-plus-en1451-b-%ce%b7%ce%bc%ce%b9%cf%84%ce%ac%cf%86-2\/#breadcrumb\",\"itemListElement\":[{\"@type\":\"ListItem\",\"position\":1,\"item\":{\"@type\":\"WebPage\",\"@id\":\"https:\/\/saltcon.eu\/\",\"url\":\"https:\/\/saltcon.eu\/\",\"name\":\"Home\"}},{\"@type\":\"ListItem\",\"position\":2,\"item\":{\"@type\":\"WebPage\",\"@id\":\"https:\/\/saltcon.eu\/shop\/\",\"url\":\"https:\/\/saltcon.eu\/shop\/\",\"name\":\"Shop\"}},{\"@type\":\"ListItem\",\"position\":3,\"item\":{\"@type\":\"WebPage\",\"@id\":\"https:\/\/saltcon.eu\/product\/interplast-%ce%b5%ce%be%ce%b1%cf%81%cf%84%ce%ae%ce%bc%ce%b1%cf%84%ce%b1-%ce%b1%cf%80%ce%bf%cf%87%ce%ad%cf%84%ce%b5%cf%85%cf%83%ce%b7%cf%82-atlas-plus-en1451-b-%ce%b7%ce%bc%ce%b9%cf%84%ce%ac%cf%86-2\/\",\"url\":\"https:\/\/saltcon.eu\/product\/interplast-%ce%b5%ce%be%ce%b1%cf%81%cf%84%ce%ae%ce%bc%ce%b1%cf%84%ce%b1-%ce%b1%cf%80%ce%bf%cf%87%ce%ad%cf%84%ce%b5%cf%85%cf%83%ce%b7%cf%82-atlas-plus-en1451-b-%ce%b7%ce%bc%ce%b9%cf%84%ce%ac%cf%86-2\/\",\"name\":\"\\u0397\\u03bc\\u03b9\\u03c4\\u03ac\\u03c6 \\u03a3\\u03c5\\u03c3\\u03c4\\u03bf\\u03bb\\u03b9\\u03ba\\u03cc 67\\u00b0-30&#8242; \\u0395\\u03be\\u03b1\\u03c1\\u03c4\\u03ae\\u03bc\\u03b1\\u03c4\\u03b1 \\u0391\\u03c0\\u03bf\\u03c7\\u03ad\\u03c4\\u03b5\\u03c5\\u03c3\\u03b7\\u03c2 Atlas-Plus EN1451-B\"}}]}]}<\/script>\n<!-- \/ Yoast SEO plugin. -->","_links":{"self":[{"href":"https:\/\/saltcon.eu\/en\/wp-json\/wp\/v2\/product\/8482"}],"collection":[{"href":"https:\/\/saltcon.eu\/en\/wp-json\/wp\/v2\/product"}],"about":[{"href":"https:\/\/saltcon.eu\/en\/wp-json\/wp\/v2\/types\/product"}],"replies":[{"embeddable":true,"href":"https:\/\/saltcon.eu\/en\/wp-json\/wp\/v2\/comments?post=8482"}],"wp:featuredmedia":[{"embeddable":true,"href":"https:\/\/saltcon.eu\/en\/wp-json\/wp\/v2\/media\/8483"}],"wp:attachment":[{"href":"https:\/\/saltcon.eu\/en\/wp-json\/wp\/v2\/media?parent=8482"}],"curies":[{"name":"wp","href":"https:\/\/api.w.org\/{rel}","templated":true}]}}